{"id":6963,"date":"2024-10-22T13:28:04","date_gmt":"2024-10-22T11:28:04","guid":{"rendered":"https:\/\/dehesamonteros.com\/?page_id=6963"},"modified":"2024-10-22T13:28:05","modified_gmt":"2024-10-22T11:28:05","slug":"how-to-give","status":"publish","type":"page","link":"https:\/\/dehesamonteros.com\/en\/como-regalar\/","title":{"rendered":"How to give"},"content":{"rendered":"<p class=\"wp-block-paragraph\">Give the gift of Ib\u00e9rico de Alto Nivel and surprise with a unique and incomparable product. The process is very simple:<\/p>\n\n\n\n<h4 class=\"wp-block-heading como-comprar\">1. Select the product with gift option:<\/h4>\n\n\n\n<p class=\"wp-block-paragraph\">Choose from our selection of Iberian products available for special gift presentation and add it to your basket. You can check the products in which we offer gift packaging in the \u00abGift\u00bb section of our store, or in the \"Gift\" section of our store, or in <a href=\"https:\/\/dehesamonteros.com\/en\/category\/gift\/\">this link<\/a>.<\/p>\n\n\n\n<h4 class=\"wp-block-heading como-comprar\">2. Specify the shipping address:<\/h4>\n\n\n\n<p class=\"wp-block-paragraph\">During the checkout process, enter the recipient's address. Check that the data is correct to ensure a timely and smooth delivery.<\/p>\n\n\n\n<h4 class=\"wp-block-heading como-comprar\">3. Personalize a dedication:<\/h4>\n\n\n\n<p class=\"wp-block-paragraph\">Once you have reviewed your order and proceeded to the \u00abDelivery and payment\u00bb step, in the order notes field, add a personalized message. Whether it is a greeting, a thank you or a special greeting, your dedication will add a personal touch to the gift.<\/p>\n\n\n\n<h4 class=\"wp-block-heading como-comprar\">4. Special gift preparation:<\/h4>\n\n\n\n<p class=\"wp-block-paragraph\">We take care of preparing the order with a packaging according to the occasion. In addition, we make sure that the invoice is not included in the package.<\/p>","protected":false},"excerpt":{"rendered":"<p>Regala el Ib\u00e9rico de Alto Nivel y sorprende con un producto \u00fanico e inigualable. El proceso es muy sencillo: 1. Selecciona el producto con opci\u00f3n de regalo: Elige entre nuestra selecci\u00f3n de productos ib\u00e9ricos disponibles para la presentaci\u00f3n especial de regalo y a\u00f1\u00e1delo a tu cesta. Puedes consultar los productos en los que ofrecemos empaque [&hellip;]<\/p>\n","protected":false},"author":461,"featured_media":0,"parent":0,"menu_order":1,"comment_status":"closed","ping_status":"closed","template":"","meta":{"_acf_changed":false,"_crdt_document":"","inline_featured_image":false,"footnotes":""},"class_list":["post-6963","page","type-page","status-publish","hentry"],"acf":[],"yoast_head":"<!-- This site is optimized with the Yoast SEO plugin v27.4 - https:\/\/yoast.com\/product\/yoast-seo-wordpress\/ -->\n<title>C\u00f3mo regalar &#8211; Dehesa Monteros<\/title>\n<meta name=\"robots\" content=\"index, follow, max-snippet:-1, max-image-preview:large, max-video-preview:-1\" \/>\n<link rel=\"canonical\" href=\"https:\/\/dehesamonteros.com\/en\/how-to-give\/\" \/>\n<meta property=\"og:locale\" content=\"en_US\" \/>\n<meta property=\"og:type\" content=\"article\" \/>\n<meta property=\"og:title\" content=\"C\u00f3mo regalar &#8211; Dehesa Monteros\" \/>\n<meta property=\"og:description\" content=\"Regala el Ib\u00e9rico de Alto Nivel y sorprende con un producto \u00fanico e inigualable. El proceso es muy sencillo: 1. Selecciona el producto con opci\u00f3n de regalo: Elige entre nuestra selecci\u00f3n de productos ib\u00e9ricos disponibles para la presentaci\u00f3n especial de regalo y a\u00f1\u00e1delo a tu cesta. Puedes consultar los productos en los que ofrecemos empaque [&hellip;]\" \/>\n<meta property=\"og:url\" content=\"https:\/\/dehesamonteros.com\/en\/how-to-give\/\" \/>\n<meta property=\"og:site_name\" content=\"Dehesa Monteros\" \/>\n<meta property=\"article:modified_time\" content=\"2024-10-22T11:28:05+00:00\" \/>\n<meta property=\"og:image\" content=\"https:\/\/dehesamonteros.com\/wp-content\/uploads\/2024\/10\/01.dehesa-monteros-ibericos-de-alto-nivel_.jpg\" \/>\n\t<meta property=\"og:image:width\" content=\"1200\" \/>\n\t<meta property=\"og:image:height\" content=\"675\" \/>\n\t<meta property=\"og:image:type\" content=\"image\/jpeg\" \/>\n<meta name=\"twitter:card\" content=\"summary_large_image\" \/>\n<meta name=\"twitter:label1\" content=\"Est. reading time\" \/>\n\t<meta name=\"twitter:data1\" content=\"1 minute\" \/>\n<script type=\"application\/ld+json\" class=\"yoast-schema-graph\">{\"@context\":\"https:\\\/\\\/schema.org\",\"@graph\":[{\"@type\":\"WebPage\",\"@id\":\"https:\\\/\\\/dehesamonteros.com\\\/como-regalar\\\/\",\"url\":\"https:\\\/\\\/dehesamonteros.com\\\/como-regalar\\\/\",\"name\":\"C\u00f3mo regalar &#8211; Dehesa Monteros\",\"isPartOf\":{\"@id\":\"https:\\\/\\\/dehesamonteros.com\\\/#website\"},\"datePublished\":\"2024-10-22T11:28:04+00:00\",\"dateModified\":\"2024-10-22T11:28:05+00:00\",\"breadcrumb\":{\"@id\":\"https:\\\/\\\/dehesamonteros.com\\\/como-regalar\\\/#breadcrumb\"},\"inLanguage\":\"en-US\",\"potentialAction\":[{\"@type\":\"ReadAction\",\"target\":[\"https:\\\/\\\/dehesamonteros.com\\\/como-regalar\\\/\"]}]},{\"@type\":\"BreadcrumbList\",\"@id\":\"https:\\\/\\\/dehesamonteros.com\\\/como-regalar\\\/#breadcrumb\",\"itemListElement\":[{\"@type\":\"ListItem\",\"position\":1,\"name\":\"Portada\",\"item\":\"https:\\\/\\\/dehesamonteros.com\\\/\"},{\"@type\":\"ListItem\",\"position\":2,\"name\":\"C\u00f3mo regalar\"}]},{\"@type\":\"WebSite\",\"@id\":\"https:\\\/\\\/dehesamonteros.com\\\/#website\",\"url\":\"https:\\\/\\\/dehesamonteros.com\\\/\",\"name\":\"Dehesa Monteros\",\"description\":\"Ib\u00e9ricos de Alto Nivel de la Serran\u00eda de Ronda.\",\"alternateName\":\"Dehesa Monteros\",\"potentialAction\":[{\"@type\":\"SearchAction\",\"target\":{\"@type\":\"EntryPoint\",\"urlTemplate\":\"https:\\\/\\\/dehesamonteros.com\\\/?s={search_term_string}\"},\"query-input\":{\"@type\":\"PropertyValueSpecification\",\"valueRequired\":true,\"valueName\":\"search_term_string\"}}],\"inLanguage\":\"en-US\"}]}<\/script>\n<!-- \/ Yoast SEO plugin. -->","yoast_head_json":{"title":"How to give - Dehesa Monteros","robots":{"index":"index","follow":"follow","max-snippet":"max-snippet:-1","max-image-preview":"max-image-preview:large","max-video-preview":"max-video-preview:-1"},"canonical":"https:\/\/dehesamonteros.com\/en\/how-to-give\/","og_locale":"en_US","og_type":"article","og_title":"C\u00f3mo regalar &#8211; Dehesa Monteros","og_description":"Regala el Ib\u00e9rico de Alto Nivel y sorprende con un producto \u00fanico e inigualable. El proceso es muy sencillo: 1. Selecciona el producto con opci\u00f3n de regalo: Elige entre nuestra selecci\u00f3n de productos ib\u00e9ricos disponibles para la presentaci\u00f3n especial de regalo y a\u00f1\u00e1delo a tu cesta. Puedes consultar los productos en los que ofrecemos empaque [&hellip;]","og_url":"https:\/\/dehesamonteros.com\/en\/how-to-give\/","og_site_name":"Dehesa Monteros","article_modified_time":"2024-10-22T11:28:05+00:00","og_image":[{"width":1200,"height":675,"url":"https:\/\/dehesamonteros.com\/wp-content\/uploads\/2024\/10\/01.dehesa-monteros-ibericos-de-alto-nivel_.jpg","type":"image\/jpeg"}],"twitter_card":"summary_large_image","twitter_misc":{"Est. reading time":"1 minute"},"schema":{"@context":"https:\/\/schema.org","@graph":[{"@type":"WebPage","@id":"https:\/\/dehesamonteros.com\/como-regalar\/","url":"https:\/\/dehesamonteros.com\/como-regalar\/","name":"How to give - Dehesa Monteros","isPartOf":{"@id":"https:\/\/dehesamonteros.com\/#website"},"datePublished":"2024-10-22T11:28:04+00:00","dateModified":"2024-10-22T11:28:05+00:00","breadcrumb":{"@id":"https:\/\/dehesamonteros.com\/como-regalar\/#breadcrumb"},"inLanguage":"en-US","potentialAction":[{"@type":"ReadAction","target":["https:\/\/dehesamonteros.com\/como-regalar\/"]}]},{"@type":"BreadcrumbList","@id":"https:\/\/dehesamonteros.com\/como-regalar\/#breadcrumb","itemListElement":[{"@type":"ListItem","position":1,"name":"Portada","item":"https:\/\/dehesamonteros.com\/"},{"@type":"ListItem","position":2,"name":"C\u00f3mo regalar"}]},{"@type":"WebSite","@id":"https:\/\/dehesamonteros.com\/#website","url":"https:\/\/dehesamonteros.com\/","name":"Dehesa Monteros","description":"Iberian High Level of the Serran\u00eda de Ronda.","alternateName":"Dehesa Monteros","potentialAction":[{"@type":"SearchAction","target":{"@type":"EntryPoint","urlTemplate":"https:\/\/dehesamonteros.com\/?s={search_term_string}"},"query-input":{"@type":"PropertyValueSpecification","valueRequired":true,"valueName":"search_term_string"}}],"inLanguage":"en-US"}]}},"jetpack_sharing_enabled":true,"jetpack_shortlink":"https:\/\/wp.me\/PgIod2-1Oj","_links":{"self":[{"href":"https:\/\/dehesamonteros.com\/en\/wp-json\/wp\/v2\/pages\/6963","targetHints":{"allow":["GET"]}}],"collection":[{"href":"https:\/\/dehesamonteros.com\/en\/wp-json\/wp\/v2\/pages"}],"about":[{"href":"https:\/\/dehesamonteros.com\/en\/wp-json\/wp\/v2\/types\/page"}],"author":[{"embeddable":true,"href":"https:\/\/dehesamonteros.com\/en\/wp-json\/wp\/v2\/users\/461"}],"replies":[{"embeddable":true,"href":"https:\/\/dehesamonteros.com\/en\/wp-json\/wp\/v2\/comments?post=6963"}],"version-history":[{"count":1,"href":"https:\/\/dehesamonteros.com\/en\/wp-json\/wp\/v2\/pages\/6963\/revisions"}],"predecessor-version":[{"id":6966,"href":"https:\/\/dehesamonteros.com\/en\/wp-json\/wp\/v2\/pages\/6963\/revisions\/6966"}],"wp:attachment":[{"href":"https:\/\/dehesamonteros.com\/en\/wp-json\/wp\/v2\/media?parent=6963"}],"curies":[{"name":"wp","href":"https:\/\/api.w.org\/{rel}","templated":true}]}}