{"id":28,"date":"2024-07-22T09:55:55","date_gmt":"2024-07-22T07:55:55","guid":{"rendered":"https:\/\/dehesalosmonteros.mowomo.es\/?page_id=28"},"modified":"2025-07-29T10:08:06","modified_gmt":"2025-07-29T08:08:06","slug":"origine","status":"publish","type":"page","link":"https:\/\/dehesamonteros.com\/fr\/origen\/","title":{"rendered":"Origine"},"content":{"rendered":"<section class=\"mwm-text-1 has-margin-bottom-xl\">\n        <div class=\"mwm-max\">\n            <div class=\"mwm-text-1__wrapper\">\n                <div class=\"mwm-text-1__title-wrapper\">\n                                    <\/div>\n                <div class=\"mwm-text-1__content-wrapper\">\n                                                                <div class=\"mwm-text-1__desc\">\n                            <p>\n                                                                    <span class=\"is-highlight-p100 is-style-h300\">Chelo G\u00e1mez a fond\u00e9 Dehesa Monteros, combinant tradition et progr\u00e8s pour produire un produit de haut niveau et de qualit\u00e9 dans Serran\u00eda de Ronda. - <\/span>\n                                                                En 2004, il a acquis une ferme dans la vall\u00e9e du Genal o\u00f9 l'abondance de glands offrait la possibilit\u00e9 d'\u00e9lever des porcs ib\u00e9riques. Dans le Serran\u00eda de Ronda, il existait d\u00e9j\u00e0 une longue tradition d'\u00e9levage de porcs ib\u00e9riques, mais les complications g\u00e9ographiques et sa rentabilit\u00e9 compliqu\u00e9e l'avaient presque abandonn\u00e9e.\r\n<br>\r\n<br>\r\nChelo r\u00eavait de pouvoir obtenir le meilleur jambon ib\u00e9rique en exploitant toutes les particularit\u00e9s du Serran\u00eda de Ronda. Il a donc rassembl\u00e9 toute la sagesse accumul\u00e9e par la tradition, avec son esprit technico-math\u00e9matique, et y a ajout\u00e9 les derni\u00e8res avanc\u00e9es et connaissances scientifiques du monde de l'\u00e9levage de porcs ib\u00e9riques.\r\n                            <\/p>\n                        <\/div>\n                                    <\/div>\n            <\/div>\n        <\/div>\n    <\/section>\n\n\n\n\n<section class=\"mwm-slider-1 has-margin-bottom-xl\" style=\"background-color:#F7E8CC\">\n    <div class=\"mwm-max\">\n        <div class=\"mwm-slider-1__wrapper\">\n            \n            \n                \n\t\t\t\t                                <div class=\"mwm-slider-1__slider\">\n                                <div class=\"swiper\" id=\"swiper-69d1b2e101e92\">\n                                    <div class=\"swiper-wrapper\">\n                                                                                    <div class=\"swiper-slide is-40 has-less-height\">\n                                                                                                <article class=\"mwm-card-1\">\n                                                    <a class=\"mwm-card-1__content\" href=\"https:\/\/dehesamonteros.com\/fr\/origen\/la-creadora\/\">\n                                                                                                                <div class=\"mwm-card-1__info\">\n                                                                                                                            <h2 class=\"mwm-card-1__title is-style-h400\">Le cr\u00e9ateur. -<\/h2>\n                                                                                                                        <div class=\"mwm-card-1__desc is-style-b200\">\n                                                                Chelo G\u00e1mez, une femme qui marque les esprits et ne laisse personne indiff\u00e9rent.                                                            <\/div>\n                                                            <div class=\"mwm-card-1__link is-style-l200\">En savoir plus<\/div>\n                                                        <\/div>\n                                                        <div class=\"mwm-card-1__media\">\n                                                            <img loading=\"lazy\" decoding=\"async\" width=\"1920\" height=\"972\" src=\"https:\/\/dehesamonteros.com\/wp-content\/uploads\/2024\/08\/00_Dest_LaCreadora.jpg\" class=\"attachment-full size-full wp-post-image\" alt=\"\" srcset=\"https:\/\/dehesamonteros.com\/wp-content\/uploads\/2024\/08\/00_Dest_LaCreadora.jpg 1920w, https:\/\/dehesamonteros.com\/wp-content\/uploads\/2024\/08\/00_Dest_LaCreadora-300x152.jpg 300w, https:\/\/dehesamonteros.com\/wp-content\/uploads\/2024\/08\/00_Dest_LaCreadora-1024x518.jpg 1024w, https:\/\/dehesamonteros.com\/wp-content\/uploads\/2024\/08\/00_Dest_LaCreadora-768x389.jpg 768w, https:\/\/dehesamonteros.com\/wp-content\/uploads\/2024\/08\/00_Dest_LaCreadora-1536x778.jpg 1536w, https:\/\/dehesamonteros.com\/wp-content\/uploads\/2024\/08\/00_Dest_LaCreadora-600x304.jpg 600w\" sizes=\"auto, (max-width: 1920px) 100vw, 1920px\" \/>                                                        <\/div>\n                                                    <\/a>\n                                                <\/article>\n                                            <\/div>\n                                                                                    <div class=\"swiper-slide is-40 has-less-height\">\n                                                                                                <article class=\"mwm-card-1\">\n                                                    <a class=\"mwm-card-1__content\" href=\"https:\/\/dehesamonteros.com\/fr\/origen\/historia\/\">\n                                                                                                                <div class=\"mwm-card-1__info\">\n                                                                                                                            <h2 class=\"mwm-card-1__title is-style-h400\">Histoire. -<\/h2>\n                                                                                                                        <div class=\"mwm-card-1__desc is-style-b200\">\n                                                                L'histoire d'une marque unique.                                                            <\/div>\n                                                            <div class=\"mwm-card-1__link is-style-l200\">En savoir plus<\/div>\n                                                        <\/div>\n                                                        <div class=\"mwm-card-1__media\">\n                                                            <img loading=\"lazy\" decoding=\"async\" width=\"1920\" height=\"972\" src=\"https:\/\/dehesamonteros.com\/wp-content\/uploads\/2024\/08\/00_Dest_Historia.jpg\" class=\"attachment-full size-full wp-post-image\" alt=\"\" srcset=\"https:\/\/dehesamonteros.com\/wp-content\/uploads\/2024\/08\/00_Dest_Historia.jpg 1920w, https:\/\/dehesamonteros.com\/wp-content\/uploads\/2024\/08\/00_Dest_Historia-300x152.jpg 300w, https:\/\/dehesamonteros.com\/wp-content\/uploads\/2024\/08\/00_Dest_Historia-1024x518.jpg 1024w, https:\/\/dehesamonteros.com\/wp-content\/uploads\/2024\/08\/00_Dest_Historia-768x389.jpg 768w, https:\/\/dehesamonteros.com\/wp-content\/uploads\/2024\/08\/00_Dest_Historia-1536x778.jpg 1536w, https:\/\/dehesamonteros.com\/wp-content\/uploads\/2024\/08\/00_Dest_Historia-600x304.jpg 600w\" sizes=\"auto, (max-width: 1920px) 100vw, 1920px\" \/>                                                        <\/div>\n                                                    <\/a>\n                                                <\/article>\n                                            <\/div>\n                                                                                    <div class=\"swiper-slide is-40 has-less-height\">\n                                                                                                <article class=\"mwm-card-1\">\n                                                    <a class=\"mwm-card-1__content\" href=\"https:\/\/dehesamonteros.com\/fr\/origen\/el-metodo\/\">\n                                                                                                                <div class=\"mwm-card-1__info\">\n                                                                                                                            <h2 class=\"mwm-card-1__title is-style-h400\">La m\u00e9thode. -<\/h2>\n                                                                                                                        <div class=\"mwm-card-1__desc is-style-b200\">\n                                                                Adaptation aux for\u00eats dehesa de la Serran\u00eda de Ronda.                                                            <\/div>\n                                                            <div class=\"mwm-card-1__link is-style-l200\">En savoir plus<\/div>\n                                                        <\/div>\n                                                        <div class=\"mwm-card-1__media\">\n                                                            <img loading=\"lazy\" decoding=\"async\" width=\"1920\" height=\"972\" src=\"https:\/\/dehesamonteros.com\/wp-content\/uploads\/2024\/08\/00_Dest_Metodo_2.jpg\" class=\"attachment-full size-full wp-post-image\" alt=\"\" srcset=\"https:\/\/dehesamonteros.com\/wp-content\/uploads\/2024\/08\/00_Dest_Metodo_2.jpg 1920w, https:\/\/dehesamonteros.com\/wp-content\/uploads\/2024\/08\/00_Dest_Metodo_2-300x152.jpg 300w, https:\/\/dehesamonteros.com\/wp-content\/uploads\/2024\/08\/00_Dest_Metodo_2-1024x518.jpg 1024w, https:\/\/dehesamonteros.com\/wp-content\/uploads\/2024\/08\/00_Dest_Metodo_2-768x389.jpg 768w, https:\/\/dehesamonteros.com\/wp-content\/uploads\/2024\/08\/00_Dest_Metodo_2-1536x778.jpg 1536w, https:\/\/dehesamonteros.com\/wp-content\/uploads\/2024\/08\/00_Dest_Metodo_2-600x304.jpg 600w\" sizes=\"auto, (max-width: 1920px) 100vw, 1920px\" \/>                                                        <\/div>\n                                                    <\/a>\n                                                <\/article>\n                                            <\/div>\n                                                                                    <div class=\"swiper-slide is-40 has-less-height\">\n                                                                                                <article class=\"mwm-card-1\">\n                                                    <a class=\"mwm-card-1__content\" href=\"https:\/\/dehesamonteros.com\/fr\/origen\/las-personas\/\">\n                                                                                                                <div class=\"mwm-card-1__info\">\n                                                                                                                            <h2 class=\"mwm-card-1__title is-style-h400\">Les personnes. -<\/h2>\n                                                                                                                        <div class=\"mwm-card-1__desc is-style-b200\">\n                                                                Le secret de l'\u00e9quipe Dehesa Monteros.                                                            <\/div>\n                                                            <div class=\"mwm-card-1__link is-style-l200\">En savoir plus<\/div>\n                                                        <\/div>\n                                                        <div class=\"mwm-card-1__media\">\n                                                            <img loading=\"lazy\" decoding=\"async\" width=\"1920\" height=\"972\" src=\"https:\/\/dehesamonteros.com\/wp-content\/uploads\/2024\/08\/00_Dest_Personas.jpg\" class=\"attachment-full size-full wp-post-image\" alt=\"\" srcset=\"https:\/\/dehesamonteros.com\/wp-content\/uploads\/2024\/08\/00_Dest_Personas.jpg 1920w, https:\/\/dehesamonteros.com\/wp-content\/uploads\/2024\/08\/00_Dest_Personas-300x152.jpg 300w, https:\/\/dehesamonteros.com\/wp-content\/uploads\/2024\/08\/00_Dest_Personas-1024x518.jpg 1024w, https:\/\/dehesamonteros.com\/wp-content\/uploads\/2024\/08\/00_Dest_Personas-768x389.jpg 768w, https:\/\/dehesamonteros.com\/wp-content\/uploads\/2024\/08\/00_Dest_Personas-1536x778.jpg 1536w, https:\/\/dehesamonteros.com\/wp-content\/uploads\/2024\/08\/00_Dest_Personas-600x304.jpg 600w\" sizes=\"auto, (max-width: 1920px) 100vw, 1920px\" \/>                                                        <\/div>\n                                                    <\/a>\n                                                <\/article>\n                                            <\/div>\n                                                                            <\/div>\n                                    <div class=\"swiper-button-prev\"><\/div>\n                                    <div class=\"swiper-button-next\"><\/div>\n                                    <div class=\"swiper-pagination\"><\/div>\n                                <\/div>\n                            <\/div>\n                            \n                \n            \n        <\/div>\n    <\/div>\n<\/section>\n\n<div class=\"mwm-bloque-seo-position\"><\/div>\n\n\n<section class=\"mwm-cta-1 has-margin-bottom-xl opens-newsletter\">\n    <div class=\"mwm-max-2\">\n        <div class=\"mwm-cta-1__wrapper\">\n            <h2 class=\"mwm-cta-1__title is-style-b100\">\n                                    <span class=\"is-highlight-p100 is-style-h300\">Bulletin d'information - <\/span>\n                                Nous vous tenons toujours au courant de notre actualit\u00e9.            <\/h2>\n        \n                            <div class=\"mwm-btn-1\">\n                                            <button class=\"opens-popup-newsletter\" type=\"button\">Je veux m'inscrire<\/button>\n                                    <\/div>\n                    <\/div>\n    <\/div>\n<\/section>","protected":false},"excerpt":{"rendered":"","protected":false},"author":299,"featured_media":912,"parent":0,"menu_order":5,"comment_status":"closed","ping_status":"closed","template":"","meta":{"_acf_changed":true,"_crdt_document":"","inline_featured_image":false,"footnotes":""},"class_list":["post-28","page","type-page","status-publish","has-post-thumbnail","hentry"],"acf":[],"yoast_head":"<!-- This site is optimized with the Yoast SEO plugin v27.3 - https:\/\/yoast.com\/product\/yoast-seo-wordpress\/ -->\n<title>Origen &#8211; Dehesa Monteros<\/title>\n<meta name=\"robots\" content=\"index, follow, max-snippet:-1, max-image-preview:large, max-video-preview:-1\" \/>\n<link rel=\"canonical\" href=\"https:\/\/dehesamonteros.com\/fr\/origine\/\" \/>\n<meta property=\"og:locale\" content=\"fr_FR\" \/>\n<meta property=\"og:type\" content=\"article\" \/>\n<meta property=\"og:title\" content=\"Origen &#8211; Dehesa Monteros\" \/>\n<meta property=\"og:url\" content=\"https:\/\/dehesamonteros.com\/fr\/origine\/\" \/>\n<meta property=\"og:site_name\" content=\"Dehesa Monteros\" \/>\n<meta property=\"article:modified_time\" content=\"2025-07-29T08:08:06+00:00\" \/>\n<meta property=\"og:image\" content=\"https:\/\/dehesamonteros.com\/wp-content\/uploads\/2024\/08\/LasPersonas_Chelo.jpg\" \/>\n\t<meta property=\"og:image:width\" content=\"512\" \/>\n\t<meta property=\"og:image:height\" content=\"648\" \/>\n\t<meta property=\"og:image:type\" content=\"image\/jpeg\" \/>\n<meta name=\"twitter:card\" content=\"summary_large_image\" \/>\n<script type=\"application\/ld+json\" class=\"yoast-schema-graph\">{\"@context\":\"https:\\\/\\\/schema.org\",\"@graph\":[{\"@type\":\"WebPage\",\"@id\":\"https:\\\/\\\/dehesamonteros.com\\\/origen\\\/\",\"url\":\"https:\\\/\\\/dehesamonteros.com\\\/origen\\\/\",\"name\":\"Origen &#8211; Dehesa Monteros\",\"isPartOf\":{\"@id\":\"https:\\\/\\\/dehesamonteros.com\\\/#website\"},\"primaryImageOfPage\":{\"@id\":\"https:\\\/\\\/dehesamonteros.com\\\/origen\\\/#primaryimage\"},\"image\":{\"@id\":\"https:\\\/\\\/dehesamonteros.com\\\/origen\\\/#primaryimage\"},\"thumbnailUrl\":\"https:\\\/\\\/dehesamonteros.com\\\/wp-content\\\/uploads\\\/2024\\\/08\\\/LasPersonas_Chelo.jpg\",\"datePublished\":\"2024-07-22T07:55:55+00:00\",\"dateModified\":\"2025-07-29T08:08:06+00:00\",\"breadcrumb\":{\"@id\":\"https:\\\/\\\/dehesamonteros.com\\\/origen\\\/#breadcrumb\"},\"inLanguage\":\"fr-FR\",\"potentialAction\":[{\"@type\":\"ReadAction\",\"target\":[\"https:\\\/\\\/dehesamonteros.com\\\/origen\\\/\"]}]},{\"@type\":\"ImageObject\",\"inLanguage\":\"fr-FR\",\"@id\":\"https:\\\/\\\/dehesamonteros.com\\\/origen\\\/#primaryimage\",\"url\":\"https:\\\/\\\/dehesamonteros.com\\\/wp-content\\\/uploads\\\/2024\\\/08\\\/LasPersonas_Chelo.jpg\",\"contentUrl\":\"https:\\\/\\\/dehesamonteros.com\\\/wp-content\\\/uploads\\\/2024\\\/08\\\/LasPersonas_Chelo.jpg\",\"width\":512,\"height\":648},{\"@type\":\"BreadcrumbList\",\"@id\":\"https:\\\/\\\/dehesamonteros.com\\\/origen\\\/#breadcrumb\",\"itemListElement\":[{\"@type\":\"ListItem\",\"position\":1,\"name\":\"Portada\",\"item\":\"https:\\\/\\\/dehesamonteros.com\\\/\"},{\"@type\":\"ListItem\",\"position\":2,\"name\":\"Origen\"}]},{\"@type\":\"WebSite\",\"@id\":\"https:\\\/\\\/dehesamonteros.com\\\/#website\",\"url\":\"https:\\\/\\\/dehesamonteros.com\\\/\",\"name\":\"Dehesa Monteros\",\"description\":\"Ib\u00e9ricos de Alto Nivel de la Serran\u00eda de Ronda.\",\"alternateName\":\"Dehesa Monteros\",\"potentialAction\":[{\"@type\":\"SearchAction\",\"target\":{\"@type\":\"EntryPoint\",\"urlTemplate\":\"https:\\\/\\\/dehesamonteros.com\\\/?s={search_term_string}\"},\"query-input\":{\"@type\":\"PropertyValueSpecification\",\"valueRequired\":true,\"valueName\":\"search_term_string\"}}],\"inLanguage\":\"fr-FR\"}]}<\/script>\n<!-- \/ Yoast SEO plugin. -->","yoast_head_json":{"title":"Origine - Dehesa Monteros","robots":{"index":"index","follow":"follow","max-snippet":"max-snippet:-1","max-image-preview":"max-image-preview:large","max-video-preview":"max-video-preview:-1"},"canonical":"https:\/\/dehesamonteros.com\/fr\/origine\/","og_locale":"fr_FR","og_type":"article","og_title":"Origen &#8211; Dehesa Monteros","og_url":"https:\/\/dehesamonteros.com\/fr\/origine\/","og_site_name":"Dehesa Monteros","article_modified_time":"2025-07-29T08:08:06+00:00","og_image":[{"width":512,"height":648,"url":"https:\/\/dehesamonteros.com\/wp-content\/uploads\/2024\/08\/LasPersonas_Chelo.jpg","type":"image\/jpeg"}],"twitter_card":"summary_large_image","schema":{"@context":"https:\/\/schema.org","@graph":[{"@type":"WebPage","@id":"https:\/\/dehesamonteros.com\/origen\/","url":"https:\/\/dehesamonteros.com\/origen\/","name":"Origine - Dehesa Monteros","isPartOf":{"@id":"https:\/\/dehesamonteros.com\/#website"},"primaryImageOfPage":{"@id":"https:\/\/dehesamonteros.com\/origen\/#primaryimage"},"image":{"@id":"https:\/\/dehesamonteros.com\/origen\/#primaryimage"},"thumbnailUrl":"https:\/\/dehesamonteros.com\/wp-content\/uploads\/2024\/08\/LasPersonas_Chelo.jpg","datePublished":"2024-07-22T07:55:55+00:00","dateModified":"2025-07-29T08:08:06+00:00","breadcrumb":{"@id":"https:\/\/dehesamonteros.com\/origen\/#breadcrumb"},"inLanguage":"fr-FR","potentialAction":[{"@type":"ReadAction","target":["https:\/\/dehesamonteros.com\/origen\/"]}]},{"@type":"ImageObject","inLanguage":"fr-FR","@id":"https:\/\/dehesamonteros.com\/origen\/#primaryimage","url":"https:\/\/dehesamonteros.com\/wp-content\/uploads\/2024\/08\/LasPersonas_Chelo.jpg","contentUrl":"https:\/\/dehesamonteros.com\/wp-content\/uploads\/2024\/08\/LasPersonas_Chelo.jpg","width":512,"height":648},{"@type":"BreadcrumbList","@id":"https:\/\/dehesamonteros.com\/origen\/#breadcrumb","itemListElement":[{"@type":"ListItem","position":1,"name":"Portada","item":"https:\/\/dehesamonteros.com\/"},{"@type":"ListItem","position":2,"name":"Origen"}]},{"@type":"WebSite","@id":"https:\/\/dehesamonteros.com\/#website","url":"https:\/\/dehesamonteros.com\/","name":"Dehesa Monteros","description":"Haut niveau ib\u00e9rique de la Serran\u00eda de Ronda.","alternateName":"Dehesa Monteros","potentialAction":[{"@type":"SearchAction","target":{"@type":"EntryPoint","urlTemplate":"https:\/\/dehesamonteros.com\/?s={search_term_string}"},"query-input":{"@type":"PropertyValueSpecification","valueRequired":true,"valueName":"search_term_string"}}],"inLanguage":"fr-FR"}]}},"jetpack_sharing_enabled":true,"jetpack_shortlink":"https:\/\/wp.me\/PgIod2-s","_links":{"self":[{"href":"https:\/\/dehesamonteros.com\/fr\/wp-json\/wp\/v2\/pages\/28","targetHints":{"allow":["GET"]}}],"collection":[{"href":"https:\/\/dehesamonteros.com\/fr\/wp-json\/wp\/v2\/pages"}],"about":[{"href":"https:\/\/dehesamonteros.com\/fr\/wp-json\/wp\/v2\/types\/page"}],"author":[{"embeddable":true,"href":"https:\/\/dehesamonteros.com\/fr\/wp-json\/wp\/v2\/users\/299"}],"replies":[{"embeddable":true,"href":"https:\/\/dehesamonteros.com\/fr\/wp-json\/wp\/v2\/comments?post=28"}],"version-history":[{"count":1,"href":"https:\/\/dehesamonteros.com\/fr\/wp-json\/wp\/v2\/pages\/28\/revisions"}],"predecessor-version":[{"id":6683,"href":"https:\/\/dehesamonteros.com\/fr\/wp-json\/wp\/v2\/pages\/28\/revisions\/6683"}],"wp:featuredmedia":[{"embeddable":true,"href":"https:\/\/dehesamonteros.com\/fr\/wp-json\/wp\/v2\/media\/912"}],"wp:attachment":[{"href":"https:\/\/dehesamonteros.com\/fr\/wp-json\/wp\/v2\/media?parent=28"}],"curies":[{"name":"wp","href":"https:\/\/api.w.org\/{rel}","templated":true}]}}