{"id":6489,"date":"2024-09-17T08:48:42","date_gmt":"2024-09-17T07:48:42","guid":{"rendered":"https:\/\/dehesamonteros.com\/?post_type=product&#038;p=6489"},"modified":"2026-03-11T17:13:21","modified_gmt":"2026-03-11T16:13:21","slug":"presa-liberique","status":"publish","type":"product","link":"https:\/\/dehesamonteros.com\/fr\/producto\/presa-iberica\/","title":{"rendered":"Presa ib\u00e9rique"},"content":{"rendered":"<p>Presa ou lomito. Les plus exclusifs et les plus convoit\u00e9s, \u00e0 un niveau vraiment inaccessible.<\/p>\n<p><!--more--><\/p>\n<p>Ce produit comprend<\/p>\n<ul>\n<li>1 pi\u00e8ce de Presa Ib\u00e9rica (environ 0,45 kg)<\/li>\n<\/ul>","protected":false},"excerpt":{"rendered":"<p>Presa ou lomito. Les plus exclusifs et les plus convoit\u00e9s, \u00e0 un niveau vraiment inaccessible.<\/p>","protected":false},"featured_media":12912,"comment_status":"closed","ping_status":"closed","template":"","meta":{"_acf_changed":false,"_crdt_document":"","inline_featured_image":false},"paquete":[],"product_brand":[],"product_cat":[96],"product_tag":[],"class_list":{"0":"post-6489","1":"product","2":"type-product","3":"status-publish","4":"has-post-thumbnail","6":"product_cat-embutidos","8":"first","9":"instock","10":"taxable","11":"shipping-taxable","12":"purchasable","13":"product-type-simple"},"acf":[],"yoast_head":"<!-- This site is optimized with the Yoast SEO plugin v27.3 - https:\/\/yoast.com\/product\/yoast-seo-wordpress\/ -->\n<title>Presa Ib\u00e9rica &#8211; Dehesa Monteros<\/title>\n<meta name=\"robots\" content=\"index, follow, max-snippet:-1, max-image-preview:large, max-video-preview:-1\" \/>\n<link rel=\"canonical\" href=\"https:\/\/dehesamonteros.com\/fr\/produit\/presa-liberique\/\" \/>\n<meta property=\"og:locale\" content=\"fr_FR\" \/>\n<meta property=\"og:type\" content=\"article\" \/>\n<meta property=\"og:title\" content=\"Presa Ib\u00e9rica &#8211; Dehesa Monteros\" \/>\n<meta property=\"og:description\" content=\"Presa o lomito. El m\u00e1s exclusivo y codiciado, a un nivel realmante inalcanzable.\" \/>\n<meta property=\"og:url\" content=\"https:\/\/dehesamonteros.com\/fr\/produit\/presa-liberique\/\" \/>\n<meta property=\"og:site_name\" content=\"Dehesa Monteros\" \/>\n<meta property=\"article:modified_time\" content=\"2026-03-11T16:13:21+00:00\" \/>\n<meta property=\"og:image\" content=\"https:\/\/dehesamonteros.com\/wp-content\/uploads\/2024\/09\/00_Dest_Presa-Iberica.webp\" \/>\n\t<meta property=\"og:image:width\" content=\"2500\" \/>\n\t<meta property=\"og:image:height\" content=\"2001\" \/>\n\t<meta property=\"og:image:type\" content=\"image\/webp\" \/>\n<meta name=\"twitter:card\" content=\"summary_large_image\" \/>\n<script type=\"application\/ld+json\" class=\"yoast-schema-graph\">{\"@context\":\"https:\\\/\\\/schema.org\",\"@graph\":[{\"@type\":\"WebPage\",\"@id\":\"https:\\\/\\\/dehesamonteros.com\\\/producto\\\/presa-iberica\\\/\",\"url\":\"https:\\\/\\\/dehesamonteros.com\\\/producto\\\/presa-iberica\\\/\",\"name\":\"Presa Ib\u00e9rica &#8211; Dehesa Monteros\",\"isPartOf\":{\"@id\":\"https:\\\/\\\/dehesamonteros.com\\\/#website\"},\"primaryImageOfPage\":{\"@id\":\"https:\\\/\\\/dehesamonteros.com\\\/producto\\\/presa-iberica\\\/#primaryimage\"},\"image\":{\"@id\":\"https:\\\/\\\/dehesamonteros.com\\\/producto\\\/presa-iberica\\\/#primaryimage\"},\"thumbnailUrl\":\"https:\\\/\\\/dehesamonteros.com\\\/wp-content\\\/uploads\\\/2024\\\/09\\\/00_Dest_Presa-Iberica.webp\",\"datePublished\":\"2024-09-17T07:48:42+00:00\",\"dateModified\":\"2026-03-11T16:13:21+00:00\",\"breadcrumb\":{\"@id\":\"https:\\\/\\\/dehesamonteros.com\\\/producto\\\/presa-iberica\\\/#breadcrumb\"},\"inLanguage\":\"fr-FR\",\"potentialAction\":[{\"@type\":\"ReadAction\",\"target\":[\"https:\\\/\\\/dehesamonteros.com\\\/producto\\\/presa-iberica\\\/\"]}]},{\"@type\":\"ImageObject\",\"inLanguage\":\"fr-FR\",\"@id\":\"https:\\\/\\\/dehesamonteros.com\\\/producto\\\/presa-iberica\\\/#primaryimage\",\"url\":\"https:\\\/\\\/dehesamonteros.com\\\/wp-content\\\/uploads\\\/2024\\\/09\\\/00_Dest_Presa-Iberica.webp\",\"contentUrl\":\"https:\\\/\\\/dehesamonteros.com\\\/wp-content\\\/uploads\\\/2024\\\/09\\\/00_Dest_Presa-Iberica.webp\",\"width\":2500,\"height\":2001},{\"@type\":\"BreadcrumbList\",\"@id\":\"https:\\\/\\\/dehesamonteros.com\\\/producto\\\/presa-iberica\\\/#breadcrumb\",\"itemListElement\":[{\"@type\":\"ListItem\",\"position\":1,\"name\":\"Portada\",\"item\":\"https:\\\/\\\/dehesamonteros.com\\\/\"},{\"@type\":\"ListItem\",\"position\":2,\"name\":\"Tienda\",\"item\":\"https:\\\/\\\/dehesamonteros.com\\\/tienda\\\/\"},{\"@type\":\"ListItem\",\"position\":3,\"name\":\"Presa Ib\u00e9rica\"}]},{\"@type\":\"WebSite\",\"@id\":\"https:\\\/\\\/dehesamonteros.com\\\/#website\",\"url\":\"https:\\\/\\\/dehesamonteros.com\\\/\",\"name\":\"Dehesa Monteros\",\"description\":\"Ib\u00e9ricos de Alto Nivel de la Serran\u00eda de Ronda.\",\"alternateName\":\"Dehesa Monteros\",\"potentialAction\":[{\"@type\":\"SearchAction\",\"target\":{\"@type\":\"EntryPoint\",\"urlTemplate\":\"https:\\\/\\\/dehesamonteros.com\\\/?s={search_term_string}\"},\"query-input\":{\"@type\":\"PropertyValueSpecification\",\"valueRequired\":true,\"valueName\":\"search_term_string\"}}],\"inLanguage\":\"fr-FR\"}]}<\/script>\n<!-- \/ Yoast SEO plugin. -->","yoast_head_json":{"title":"Presa Iberica - Dehesa Monteros","robots":{"index":"index","follow":"follow","max-snippet":"max-snippet:-1","max-image-preview":"max-image-preview:large","max-video-preview":"max-video-preview:-1"},"canonical":"https:\/\/dehesamonteros.com\/fr\/produit\/presa-liberique\/","og_locale":"fr_FR","og_type":"article","og_title":"Presa Ib\u00e9rica &#8211; Dehesa Monteros","og_description":"Presa o lomito. El m\u00e1s exclusivo y codiciado, a un nivel realmante inalcanzable.","og_url":"https:\/\/dehesamonteros.com\/fr\/produit\/presa-liberique\/","og_site_name":"Dehesa Monteros","article_modified_time":"2026-03-11T16:13:21+00:00","og_image":[{"width":2500,"height":2001,"url":"https:\/\/dehesamonteros.com\/wp-content\/uploads\/2024\/09\/00_Dest_Presa-Iberica.webp","type":"image\/webp"}],"twitter_card":"summary_large_image","schema":{"@context":"https:\/\/schema.org","@graph":[{"@type":"WebPage","@id":"https:\/\/dehesamonteros.com\/producto\/presa-iberica\/","url":"https:\/\/dehesamonteros.com\/producto\/presa-iberica\/","name":"Presa Iberica - Dehesa Monteros","isPartOf":{"@id":"https:\/\/dehesamonteros.com\/#website"},"primaryImageOfPage":{"@id":"https:\/\/dehesamonteros.com\/producto\/presa-iberica\/#primaryimage"},"image":{"@id":"https:\/\/dehesamonteros.com\/producto\/presa-iberica\/#primaryimage"},"thumbnailUrl":"https:\/\/dehesamonteros.com\/wp-content\/uploads\/2024\/09\/00_Dest_Presa-Iberica.webp","datePublished":"2024-09-17T07:48:42+00:00","dateModified":"2026-03-11T16:13:21+00:00","breadcrumb":{"@id":"https:\/\/dehesamonteros.com\/producto\/presa-iberica\/#breadcrumb"},"inLanguage":"fr-FR","potentialAction":[{"@type":"ReadAction","target":["https:\/\/dehesamonteros.com\/producto\/presa-iberica\/"]}]},{"@type":"ImageObject","inLanguage":"fr-FR","@id":"https:\/\/dehesamonteros.com\/producto\/presa-iberica\/#primaryimage","url":"https:\/\/dehesamonteros.com\/wp-content\/uploads\/2024\/09\/00_Dest_Presa-Iberica.webp","contentUrl":"https:\/\/dehesamonteros.com\/wp-content\/uploads\/2024\/09\/00_Dest_Presa-Iberica.webp","width":2500,"height":2001},{"@type":"BreadcrumbList","@id":"https:\/\/dehesamonteros.com\/producto\/presa-iberica\/#breadcrumb","itemListElement":[{"@type":"ListItem","position":1,"name":"Portada","item":"https:\/\/dehesamonteros.com\/"},{"@type":"ListItem","position":2,"name":"Tienda","item":"https:\/\/dehesamonteros.com\/tienda\/"},{"@type":"ListItem","position":3,"name":"Presa Ib\u00e9rica"}]},{"@type":"WebSite","@id":"https:\/\/dehesamonteros.com\/#website","url":"https:\/\/dehesamonteros.com\/","name":"Dehesa Monteros","description":"Haut niveau ib\u00e9rique de la Serran\u00eda de Ronda.","alternateName":"Dehesa Monteros","potentialAction":[{"@type":"SearchAction","target":{"@type":"EntryPoint","urlTemplate":"https:\/\/dehesamonteros.com\/?s={search_term_string}"},"query-input":{"@type":"PropertyValueSpecification","valueRequired":true,"valueName":"search_term_string"}}],"inLanguage":"fr-FR"}]}},"jetpack_sharing_enabled":true,"_links":{"self":[{"href":"https:\/\/dehesamonteros.com\/fr\/wp-json\/wp\/v2\/product\/6489","targetHints":{"allow":["GET"]}}],"collection":[{"href":"https:\/\/dehesamonteros.com\/fr\/wp-json\/wp\/v2\/product"}],"about":[{"href":"https:\/\/dehesamonteros.com\/fr\/wp-json\/wp\/v2\/types\/product"}],"replies":[{"embeddable":true,"href":"https:\/\/dehesamonteros.com\/fr\/wp-json\/wp\/v2\/comments?post=6489"}],"wp:featuredmedia":[{"embeddable":true,"href":"https:\/\/dehesamonteros.com\/fr\/wp-json\/wp\/v2\/media\/12912"}],"wp:attachment":[{"href":"https:\/\/dehesamonteros.com\/fr\/wp-json\/wp\/v2\/media?parent=6489"}],"wp:term":[{"taxonomy":"paquete","embeddable":true,"href":"https:\/\/dehesamonteros.com\/fr\/wp-json\/wp\/v2\/paquete?post=6489"},{"taxonomy":"product_brand","embeddable":true,"href":"https:\/\/dehesamonteros.com\/fr\/wp-json\/wp\/v2\/product_brand?post=6489"},{"taxonomy":"product_cat","embeddable":true,"href":"https:\/\/dehesamonteros.com\/fr\/wp-json\/wp\/v2\/product_cat?post=6489"},{"taxonomy":"product_tag","embeddable":true,"href":"https:\/\/dehesamonteros.com\/fr\/wp-json\/wp\/v2\/product_tag?post=6489"}],"curies":[{"name":"wp","href":"https:\/\/api.w.org\/{rel}","templated":true}]}}